{"id":11,"date":"2015-08-17T16:21:14","date_gmt":"2015-08-17T14:21:14","guid":{"rendered":"http:\/\/plattform-forel.de\/3dprocar\/?page_id=11"},"modified":"2019-09-02T09:02:02","modified_gmt":"2019-09-02T07:02:02","slug":"partner","status":"publish","type":"page","link":"https:\/\/plattform-forel.de\/3dprocar\/partner\/","title":{"rendered":"Partner"},"content":{"rendered":"<p><img loading=\"lazy\" class=\"aligncenter size-large wp-image-75\" src=\"http:\/\/plattform-forel.de\/3dprocar\/wp-content\/uploads\/sites\/7\/2019\/09\/20161124_partner-3dprocar-1024x495.png\" alt=\"\" width=\"604\" height=\"292\" srcset=\"https:\/\/plattform-forel.de\/3dprocar\/wp-content\/uploads\/sites\/7\/2019\/09\/20161124_partner-3dprocar-1024x495.png 1024w, https:\/\/plattform-forel.de\/3dprocar\/wp-content\/uploads\/sites\/7\/2019\/09\/20161124_partner-3dprocar-300x145.png 300w, https:\/\/plattform-forel.de\/3dprocar\/wp-content\/uploads\/sites\/7\/2019\/09\/20161124_partner-3dprocar-768x371.png 768w\" sizes=\"(max-width: 604px) 100vw, 604px\" \/><\/p>\n<p>Daimler AG<br \/>\nDYNAmore GmbH<br \/>\nDILO Machines GmbH<br \/>\nF. A. K\u00fcmpers GmbH &amp;Co. KG<br \/>\nIDEA GmbH<br \/>\nLindauer DORNIER GmbH<br \/>\nMAGEBA Textilmaschinen GmbH &amp; Co. KG<br \/>\nPHP Fibers GmbH<br \/>\nIBG Technology Hansestadt L\u00fcbeck GmbH<br \/>\nWagenfelder Spinnereien GmbH<br \/>\nInstitut f\u00fcr Leichtbau und Kunststofftechnik, TU Dresden<br \/>\nInstitut f\u00fcr Textilmaschinen und Textile Hochleistungswerkstofftechnik, TU Dresden<\/p>\n","protected":false},"excerpt":{"rendered":"<p>Daimler AG DYNAmore GmbH DILO Machines GmbH F. A. K\u00fcmpers GmbH &amp;Co. KG IDEA GmbH Lindauer DORNIER GmbH MAGEBA Textilmaschinen GmbH &amp; Co. KG PHP Fibers GmbH IBG Technology Hansestadt L\u00fcbeck GmbH Wagenfelder Spinnereien GmbH Institut f\u00fcr Leichtbau und Kunststofftechnik, TU Dresden Institut f\u00fcr Textilmaschinen und Textile Hochleistungswerkstofftechnik, TU Dresden<\/p>\n","protected":false},"author":2,"featured_media":0,"parent":0,"menu_order":0,"comment_status":"closed","ping_status":"closed","template":"","meta":[],"_links":{"self":[{"href":"https:\/\/plattform-forel.de\/3dprocar\/wp-json\/wp\/v2\/pages\/11"}],"collection":[{"href":"https:\/\/plattform-forel.de\/3dprocar\/wp-json\/wp\/v2\/pages"}],"about":[{"href":"https:\/\/plattform-forel.de\/3dprocar\/wp-json\/wp\/v2\/types\/page"}],"author":[{"embeddable":true,"href":"https:\/\/plattform-forel.de\/3dprocar\/wp-json\/wp\/v2\/users\/2"}],"replies":[{"embeddable":true,"href":"https:\/\/plattform-forel.de\/3dprocar\/wp-json\/wp\/v2\/comments?post=11"}],"version-history":[{"count":12,"href":"https:\/\/plattform-forel.de\/3dprocar\/wp-json\/wp\/v2\/pages\/11\/revisions"}],"predecessor-version":[{"id":76,"href":"https:\/\/plattform-forel.de\/3dprocar\/wp-json\/wp\/v2\/pages\/11\/revisions\/76"}],"wp:attachment":[{"href":"https:\/\/plattform-forel.de\/3dprocar\/wp-json\/wp\/v2\/media?parent=11"}],"curies":[{"name":"wp","href":"https:\/\/api.w.org\/{rel}","templated":true}]}}