{"id":13,"date":"2015-08-17T16:21:54","date_gmt":"2015-08-17T14:21:54","guid":{"rendered":"http:\/\/plattform-forel.de\/3dprocar\/?page_id=13"},"modified":"2020-09-02T09:47:01","modified_gmt":"2020-09-02T07:47:01","slug":"impressum","status":"publish","type":"page","link":"https:\/\/plattform-forel.de\/3dprocar\/impressum\/","title":{"rendered":"Impressum"},"content":{"rendered":"<div>\n<p><b>Angaben gem\u00e4\u00df \u00a75 TMG:<\/b><\/p>\n<p><b>Technische Universit\u00e4t Dresden<br \/>\n01062 Dresden<br \/>\n<\/b><br \/>\nTel.: +49 (0) 351 463-0<br \/>\nFax: +49 (0) 351 463-37168<\/p>\n<p>Die Technische Universit\u00e4t Dresden ist eine K\u00f6rperschaft \u00f6ffentlichen Rechts. Sie wird durch den Rektor gesetzlich vertreten.<\/p>\n<p><b>Die Adresse des Rektors ist :<br \/>\n<\/b>Technische Universit\u00e4t Dresden<br \/>\nRektorin<br \/>\nProf. Dr. Ursula M. Staudinger<br \/>\n01062 Dresden<\/p>\n<p>Tel.: +49 (0) 351 463-34312<br \/>\nFax: +49 (0) 351 463-37121<br \/>\nE-Mail: <a href=\"mailto:rektor@tu-dresden.de\">rektor@tu-dresden.de<\/a><\/p>\n<p><b>Die zust\u00e4ndige Aufsichtsbeh\u00f6rde ist das:<br \/>\n<\/b>S\u00e4chsisches Staatsministerium f\u00fcr Wissenschaft und Kunst<br \/>\nWigardstra\u00dfe 17<br \/>\n01097 Dresden<\/p>\n<p>Postanschrift:<br \/>\nPostfach 100 920<br \/>\n01076 Dresden<\/p>\n<p>Tel.: +49 (0) 351 564-0<\/p>\n<p>Die <b>Umsatzsteueridentifikationsnummer<\/b> der Technischen Universit\u00e4t Dresden lautet: USt.-IdNr. DE 18 83 69 99 1<\/p>\n<p><b><i>Verantwortlich f\u00fcr den Inhalt nach \u00a7 55 Abs. 2 RStV:<\/i><\/b><\/p>\n<p><b><i> <\/i><\/b><b>Ansprechpartner:<br \/>\n<\/b>Verantwortlich f\u00fcr den Inhalt<br \/>\nTechnische Universit\u00e4t Dresden<br \/>\nInstitut f\u00fcr Leichtbau und Kunststofftechnik<br \/>\nHolbeinstra\u00dfe 3<br \/>\nProf. Dr.-Ing. habil. Maik Gude<br \/>\n01307 Dresden<\/p>\n<p>Tel: +49 (0) 351 463<i>-37915<\/i><i><br \/>\n<\/i>Fax: +49 (0) 351 463<i>-38143<\/i><i><br \/>\nE-Mail: ilk@msx.tu-dresden.de<\/i><\/p>\n<p><i> <\/i><strong>Verantwortlich f\u00fcr Konzeption und Realisierung der Seiten <\/strong><br \/>\nTechnische Universit\u00e4t Dresden<br \/>\n<i>Institut f\u00fcr Leichtbau und Kunststofftechnik<br \/>\nHerr Dipl. Inf. <\/i><i>(BA) Jan Wiedemuth<\/i><i><br \/>\n<\/i>Tel: +49 (0) 351 463<i>-37910<br \/>\n<\/i>Fax: +49 (0) 351 463<i>-38143<\/i><i><br \/>\nE-Mail: Jan.Wiedemuth@tu-dresden.de<\/i><\/p>\n<p><b>Datenschutz:<br \/>\n<\/b>Technische Universit\u00e4t Dresden<br \/>\nDatenschutzbeauftragter<br \/>\n01062 Dresden<\/p>\n<p>Tel.: +49 (0) 351 463-32881<br \/>\nFax: +49 (0) 351 463-32881<\/p>\n<p><b>Haftungsausschluss<\/b><\/p>\n<p>Die inhaltliche Verantwortung der einzelnen WWW-Seiten liegt bei den jeweiligen informationseinstellenden Einrichtungen oder Personen. Eine Haftung f\u00fcr die Richtigkeit, Vollst\u00e4ndigkeit und Aktualit\u00e4t dieser Webseiten kann trotz sorgf\u00e4ltiger Pr\u00fcfung nicht \u00fcbernommen werden. Die Technische Universit\u00e4t Dresden \u00fcbernimmt insbesondere keinerlei Haftung f\u00fcr eventuelle Sch\u00e4den oder Konsequenzen, die durch die direkte oder indirekte Nutzung der angebotenen Inhalte entstehen.<\/p>\n<p>Es wird ausdr\u00fccklich darauf hingewiesen, dass die Technische Universit\u00e4t Dresden keine Verantwortung f\u00fcr den Inhalt von Seiten \u00fcbernehmen, die mittels Link von den WWW-Dokumenten der Technischen Universit\u00e4t Dresden erreichbar sind.<\/p>\n<p>F\u00fcr diese Inhalte und insbesondere f\u00fcr Sch\u00e4den, die aus der Nutzung oder Nichtnutzung dieser Informationen entstehen, haftet allein der Anbieter der Seite, auf welche verwiesen wurde.<\/p>\n<p><b>Urheberrecht<\/b><\/p>\n<p>Alle im Internetangebot <strong>des Forschungsprojekts FOREL der Technischen Universit\u00e4t Dresden<\/strong> ver\u00f6ffentlichten Inhalte (Layout, Texte, Bilder, Grafiken usw.) unterliegen dem Urheberrecht. Jede vom Urheberrechtsgesetz nicht zugelassene Verwertung bedarf vorheriger ausdr\u00fccklicher Zustimmung. Dies gilt insbesondere f\u00fcr Vervielf\u00e4ltigung, Bearbeitung, \u00dcbersetzung, Einspeicherung, Verarbeitung bzw. Wiedergabe von Inhalten in Datenbanken oder anderen elektronischen Medien und Systemen. Fotokopien und Downloads von Web-Seiten f\u00fcr den privaten, wissenschaftlichen und nicht kommerziellen Gebrauch d\u00fcrfen hergestellt werden.<\/p>\n<p>Wir erlauben ausdr\u00fccklich und begr\u00fc\u00dfen das Zitieren unserer Dokumente und Webseiten sowie das Setzen von Links auf unsere Website.<\/p>\n<p>Alle innerhalb des Internetangebotes genannten und ggf. durch Dritte gesch\u00fctzten Marken und Warenzeichen unterliegen uneingeschr\u00e4nkt den Bestimmungen des jeweils g\u00fcltigen Kennzeichenrechts und den Besitzrechten der jeweiligen eingetragenen Eigent\u00fcmer. Allein aufgrund der blo\u00dfen Nennung ist nicht der Schluss zu ziehen, dass Markenzeichen nicht durch Rechte Dritter gesch\u00fctzt sind.<\/p>\n<p><b>Datenschutzerkl\u00e4rung<\/b><\/p>\n<p>Die Technische Universit\u00e4t Dresden unterliegt als \u00f6ffentliche Stelle den Bestimmungen des S\u00e4chsischen Datenschutzgesetzes (S\u00e4chsDSG) sowie den einschl\u00e4gigen gesetzlichen Grundlagen mit Bestimmungen zum Schutz des Rechtes auf informationelle Selbstbestimmung.<\/p>\n<p>Zum Schutz Ihrer Rechte haben wir technische und organisatorische Ma\u00dfnahmen getroffen, dass die Vorschriften \u00fcber den Datenschutz innerhalb der Technischen Universit\u00e4t Dresden als auch von externen Dienstleistern beachtet werden, wenn diese an diesem Angebot mitwirken.<\/p>\n<p>Ihre Daten d\u00fcrfen nur in dem Umfange verarbeitet werden, wie spezielle Gesetze dies zulassen oder Ihre Einwilligung vorliegt.<\/p>\n<p>In Verbindung mit Ihrem Zugriff auf das Internetangebot <strong>des Forschungsprojekts FOREL der Technischen Universit\u00e4t Dresden<\/strong> werden auf unseren Servern f\u00fcr Zwecke der Datensicherheit vor\u00fcbergehend Daten gespeichert, die m\u00f6glicherweise eine Identifizierung zulassen.<\/p>\n<p>Dies k\u00f6nnen sein :<\/p>\n<ul>\n<li>Name der abgerufenen Datei<\/li>\n<li>Datum und Uhrzeit des Abrufs<\/li>\n<li>Meldung, ob der Abruf erfolgreich war<\/li>\n<li>IP-Adresse<\/li>\n<li>verwendeter Browser<\/li>\n<li>verwendetes Betriebssystem<\/li>\n<\/ul>\n<p>Bei der Verwendung der angebotenen Mail-Links und Mail-Formulare werden nur die von Ihnen eingegebenen Daten an den Empf\u00e4nger der Mail weitergeleitet. In Logdateien k\u00f6nnen zur Sicherstellung des Betriebes sowie zur Gew\u00e4hrleistung der Datensicherheit die Verbindungsdaten gespeichert werden.<\/p>\n<p>Eine Auswertung dieser Daten erfolgt nicht.<br \/>\nAusgenommen hiervon sind :<\/p>\n<ul>\n<li>Auswertungen bei vorliegen des Verdachtes einer Straftat<\/li>\n<li>Auswertungen bei vorliegen eines begr\u00fcndeten Missbrauchsverdachtes<\/li>\n<li>in anonymisierter Form f\u00fcr :<\/li>\n<li>statistische Zwecke<\/li>\n<li>zur Optimierung des Internetangebotes<\/li>\n<li>Forschungszwecke<\/li>\n<\/ul>\n<p>Wir weisen Sie darauf hin, dass die Daten\u00fcbertragung, insbesondere per E-Mail, \u00fcber das Internet derzeit im Wesentlichen ungesichert erfolgt. Es ist nicht ausgeschlossen, dass \u00fcbermittelte Daten von Unbefugten zur Kenntnis genommen und eventuell sogar verf\u00e4lscht werden k\u00f6nnen.<\/p>\n<p>Wenn Sie glauben, die hier aufgef\u00fchrten Datenschutzrichtlinien werden nicht eingehalten, oder es wird durch die Technische Universit\u00e4t Dresden Missbrauch mit pers\u00f6nlichen Daten betrieben, dann k\u00f6nnen Sie sich auch an den Datenschutzbeauftragten der Technischen Universit\u00e4t Dresden wenden.<\/p>\n<\/div>\n","protected":false},"excerpt":{"rendered":"<p>Angaben gem\u00e4\u00df \u00a75 TMG: Technische Universit\u00e4t Dresden 01062 Dresden Tel.: +49 (0) 351 463-0 Fax: +49 (0) 351 463-37168 Die Technische Universit\u00e4t Dresden ist eine K\u00f6rperschaft \u00f6ffentlichen Rechts. Sie wird durch den Rektor gesetzlich vertreten. Die Adresse des Rektors ist : Technische Universit\u00e4t Dresden Rektorin Prof. Dr. Ursula M. Staudinger 01062 Dresden Tel.: +49 (0) &hellip; <a href=\"https:\/\/plattform-forel.de\/3dprocar\/impressum\/\" class=\"more-link\"><span class=\"screen-reader-text\">Impressum<\/span> weiterlesen <span class=\"meta-nav\">&rarr;<\/span><\/a><\/p>\n","protected":false},"author":2,"featured_media":0,"parent":0,"menu_order":0,"comment_status":"closed","ping_status":"closed","template":"","meta":[],"_links":{"self":[{"href":"https:\/\/plattform-forel.de\/3dprocar\/wp-json\/wp\/v2\/pages\/13"}],"collection":[{"href":"https:\/\/plattform-forel.de\/3dprocar\/wp-json\/wp\/v2\/pages"}],"about":[{"href":"https:\/\/plattform-forel.de\/3dprocar\/wp-json\/wp\/v2\/types\/page"}],"author":[{"embeddable":true,"href":"https:\/\/plattform-forel.de\/3dprocar\/wp-json\/wp\/v2\/users\/2"}],"replies":[{"embeddable":true,"href":"https:\/\/plattform-forel.de\/3dprocar\/wp-json\/wp\/v2\/comments?post=13"}],"version-history":[{"count":3,"href":"https:\/\/plattform-forel.de\/3dprocar\/wp-json\/wp\/v2\/pages\/13\/revisions"}],"predecessor-version":[{"id":77,"href":"https:\/\/plattform-forel.de\/3dprocar\/wp-json\/wp\/v2\/pages\/13\/revisions\/77"}],"wp:attachment":[{"href":"https:\/\/plattform-forel.de\/3dprocar\/wp-json\/wp\/v2\/media?parent=13"}],"curies":[{"name":"wp","href":"https:\/\/api.w.org\/{rel}","templated":true}]}}