{"id":4,"date":"2015-09-03T09:33:44","date_gmt":"2015-09-03T07:33:44","guid":{"rendered":"http:\/\/plattform-forel.de\/fupro\/?page_id=4"},"modified":"2015-09-08T12:43:38","modified_gmt":"2015-09-08T10:43:38","slug":"fupro","status":"publish","type":"page","link":"https:\/\/plattform-forel.de\/fupro\/","title":{"rendered":"FuPro"},"content":{"rendered":"<p><strong>Bauweisen- und Prozessentwicklung f\u00fcr funktionalisierte Mehrkomponentenstrukturen mit komplex geformten Hohlprofilen <\/strong><\/p>\n<p>Im Rahmen der Nationalen Plattform Elektromobilit\u00e4t (NPE) kommt dem Leichtbau als eine wesentliche S\u00e4ule zur Erreichung der ambitionierten Ziele \u2013 Leitanbieter und Leitmarkt bis 2020 \u2013 eine besondere Bedeutung zu. Zur Realisierung hoher Leichtbaugrade ist die Entwicklung und technologische Umsetzung neuer Bauweisen- und Fertigungskonzepte unter Nutzung moderner Werkstoffsysteme unabdingbar. Hierbei bieten hochintegrative Mehrkomponentenbauweisen mit faserverst\u00e4rkten Thermoplasten eine besonders aussichtsreiche M\u00f6glichkeit zur Gewichtsreduktion bei gleichzeitig hoher Fertigungseffizienz.<\/p>\n<p><strong>Motivation<\/strong><\/p>\n<p>Ein zielf\u00fchrender Ansatz zur beanspruchungsgerechten Gestaltung von Leichtbau-Tragstrukturen ist die modulare Kombination von torsions- und biegesteifen Hohlprofilen mit komplexen Knoten und fl\u00e4chigen Bauelementen in einer Tragstruktur. W\u00e4hrend die integrative Verarbeitung von fl\u00e4chigen Verst\u00e4rkungsstrukturen und flie\u00dff\u00e4higen Formmassen z.B. als verrippte Organoblech\/Spritzguss-Hybridstrukturen bereits an der Schwelle zur Serienanwendung steht, lassen sich geschlossene Hohlprofile mit kontinuierlichem Faserverlauf bisher nicht im Sinne eines modularen Baukastensystems in thermoplastische FKV-Strukturen integrieren.<\/p>\n<p><strong>L\u00f6sungshypothese<\/strong><\/p>\n<p>Die Bereitstellung eines Baukastensystems bestehend aus fl\u00e4chigen Grundstrukturen und Hohlprofilen aus Faser-Thermoplast-Verbundwerkstoffen sowie die prozesstechnische Verkn\u00fcpfung von ur- und umformenden Prozessschritten zu einer vollautomatisierten Gesamtanlage erm\u00f6glicht eine kosteng\u00fcnstige und gro\u00dfserienf\u00e4hige Herstellung von Strukturbauteilen aus Faser-Kunststoff-Verbunden mit Thermoplastmatrix.<\/p>\n<p><span style=\"color: #008000;\"><strong>Dieses Forschungs- und Entwicklungsprojekt wird mit Mitteln des Bundesministeriums f\u00fcr Bildung und Forschung (BMBF) im Rahmenkonzept \u201eInnovationen f\u00fcr die Produktion, Dienstleistung und Arbeit von morgen\u201c (F\u00f6rderkennzeichen 02P14Z000 &#8211; 02P14Z010) und mit Mitteln aus dem Energie- und Klimafonds gef\u00f6rdert und vom Projekttr\u00e4ger Karlsruhe (PTKA) betreut.<br \/>\nDie Verantwortung f\u00fcr den Inhalt dieser Ver\u00f6ffentlichung liegt beim Autor<\/strong><\/span><\/p>\n","protected":false},"excerpt":{"rendered":"<p>Bauweisen- und Prozessentwicklung f\u00fcr funktionalisierte Mehrkomponentenstrukturen mit komplex geformten Hohlprofilen Im Rahmen der Nationalen Plattform Elektromobilit\u00e4t (NPE) kommt dem Leichtbau als eine wesentliche S\u00e4ule zur Erreichung der ambitionierten Ziele \u2013 Leitanbieter und Leitmarkt bis 2020 \u2013 eine besondere Bedeutung zu. Zur Realisierung hoher Leichtbaugrade ist die Entwicklung und technologische Umsetzung neuer Bauweisen- und Fertigungskonzepte unter &hellip; <a href=\"https:\/\/plattform-forel.de\/fupro\/\" class=\"more-link\"><span class=\"screen-reader-text\">FuPro<\/span> weiterlesen <span class=\"meta-nav\">&rarr;<\/span><\/a><\/p>\n","protected":false},"author":2,"featured_media":0,"parent":0,"menu_order":0,"comment_status":"closed","ping_status":"closed","template":"","meta":[],"_links":{"self":[{"href":"https:\/\/plattform-forel.de\/fupro\/wp-json\/wp\/v2\/pages\/4"}],"collection":[{"href":"https:\/\/plattform-forel.de\/fupro\/wp-json\/wp\/v2\/pages"}],"about":[{"href":"https:\/\/plattform-forel.de\/fupro\/wp-json\/wp\/v2\/types\/page"}],"author":[{"embeddable":true,"href":"https:\/\/plattform-forel.de\/fupro\/wp-json\/wp\/v2\/users\/2"}],"replies":[{"embeddable":true,"href":"https:\/\/plattform-forel.de\/fupro\/wp-json\/wp\/v2\/comments?post=4"}],"version-history":[{"count":4,"href":"https:\/\/plattform-forel.de\/fupro\/wp-json\/wp\/v2\/pages\/4\/revisions"}],"predecessor-version":[{"id":34,"href":"https:\/\/plattform-forel.de\/fupro\/wp-json\/wp\/v2\/pages\/4\/revisions\/34"}],"wp:attachment":[{"href":"https:\/\/plattform-forel.de\/fupro\/wp-json\/wp\/v2\/media?parent=4"}],"curies":[{"name":"wp","href":"https:\/\/api.w.org\/{rel}","templated":true}]}}