{"id":11,"date":"2014-01-13T12:08:45","date_gmt":"2014-01-13T10:08:45","guid":{"rendered":"http:\/\/plattform-forel.de\/leika\/?page_id=11"},"modified":"2017-02-08T11:42:53","modified_gmt":"2017-02-08T09:42:53","slug":"projektinhalt","status":"publish","type":"page","link":"https:\/\/plattform-forel.de\/leika\/projektinhalt\/","title":{"rendered":"Projektinhalt"},"content":{"rendered":"<p>Einen besonderen Stellenwert bei der Entwicklung von Multi-Material-Leichtbaul\u00f6sungen nimmt die Integration unterschiedlicher Werkstoffklassen, wie etwa Stahl oder Magnesium in Kombination mit Faserverbundwerkstoffen, in bestehende Fahrzeugstrukturen und Produk\u00adtionsanlagen ein. Hierf\u00fcr sind sowohl effiziente Methoden zur praxisgerechten Strukturauslegung unter statischer, zyklischer und dynamischer Belastung als auch Fertigungstechnologien durch Erweiterung bzw. Modifikation vorhandener Prozesstechnik zu entwickeln. Gerade die Kombination von Stahl bzw. Magnesium mit Faserverbundwerkstoffen erlaubt hier die Herausforderungen bzgl. Kostenvorgabe und Masseeinsparung zu l\u00f6sen, indem die positiven werkstofflichen und technologischen Eigenschaften der beiden Werkstoffklassen synergetisch kombiniert werden.<\/p>\n<p>Gleichzeitig stellt die sichere Integration des Energiespeichers eine der gr\u00f6\u00dften Herausforderungen bei der Entwicklung von Elektrofahrzeugstrukturen dar. Dabei erfolgt die Positionierung der Batteriezellen in den meisten F\u00e4llen in den Bodenstrukturen, da hier sowohl die Schwerpunktlage des Fahrzeugs positiv beeinflusst wird, als auch die intrinsische Sicherheit der Fahrgastzelle ausgenutzt werden kann.<\/p>\n<p><strong>Forschungsansatz<\/strong><\/p>\n<p>Aufbau einer ganzheitlichen Entwicklungs- und Fertigungskette f\u00fcr metallintensive Mischbauweisen unter besonderer Ber\u00fccksichtigung bereits installierter Anlagentechnik.<br \/>\nZiel des Forschungsvorhabens war\u00a0somit die Entwicklung neuartiger Bauweisen unter Ber\u00fccksichtigung gro\u00dfserientauglicher Herstellungsverfahren und F\u00fcgekonzepte f\u00fcr hochbelastete Karosseriestrukturen in metallintensiver Mischbauweise.<\/p>\n","protected":false},"excerpt":{"rendered":"<p>Einen besonderen Stellenwert bei der Entwicklung von Multi-Material-Leichtbaul\u00f6sungen nimmt die Integration unterschiedlicher Werkstoffklassen, wie etwa Stahl oder Magnesium in Kombination mit Faserverbundwerkstoffen, in bestehende Fahrzeugstrukturen und Produk\u00adtionsanlagen ein. Hierf\u00fcr sind sowohl effiziente Methoden zur praxisgerechten Strukturauslegung unter statischer, zyklischer und dynamischer Belastung als auch Fertigungstechnologien durch Erweiterung bzw. Modifikation vorhandener Prozesstechnik zu entwickeln. Gerade die &hellip; <a href=\"https:\/\/plattform-forel.de\/leika\/projektinhalt\/\" class=\"more-link\"><span class=\"screen-reader-text\">Projektinhalt<\/span> weiterlesen <span class=\"meta-nav\">&rarr;<\/span><\/a><\/p>\n","protected":false},"author":1,"featured_media":0,"parent":0,"menu_order":0,"comment_status":"closed","ping_status":"open","template":"","meta":[],"_links":{"self":[{"href":"https:\/\/plattform-forel.de\/leika\/wp-json\/wp\/v2\/pages\/11"}],"collection":[{"href":"https:\/\/plattform-forel.de\/leika\/wp-json\/wp\/v2\/pages"}],"about":[{"href":"https:\/\/plattform-forel.de\/leika\/wp-json\/wp\/v2\/types\/page"}],"author":[{"embeddable":true,"href":"https:\/\/plattform-forel.de\/leika\/wp-json\/wp\/v2\/users\/1"}],"replies":[{"embeddable":true,"href":"https:\/\/plattform-forel.de\/leika\/wp-json\/wp\/v2\/comments?post=11"}],"version-history":[{"count":4,"href":"https:\/\/plattform-forel.de\/leika\/wp-json\/wp\/v2\/pages\/11\/revisions"}],"predecessor-version":[{"id":87,"href":"https:\/\/plattform-forel.de\/leika\/wp-json\/wp\/v2\/pages\/11\/revisions\/87"}],"wp:attachment":[{"href":"https:\/\/plattform-forel.de\/leika\/wp-json\/wp\/v2\/media?parent=11"}],"curies":[{"name":"wp","href":"https:\/\/api.w.org\/{rel}","templated":true}]}}