{"id":7,"date":"2014-01-13T12:07:49","date_gmt":"2014-01-13T10:07:49","guid":{"rendered":"http:\/\/plattform-forel.de\/leika\/?page_id=7"},"modified":"2017-05-11T17:52:13","modified_gmt":"2017-05-11T15:52:13","slug":"leika","status":"publish","type":"page","link":"https:\/\/plattform-forel.de\/leika\/","title":{"rendered":"LEIKA"},"content":{"rendered":"<p><strong>Ressourceneffiziente Mischbauweisen f\u00fcr Leichtbau-Karosserien<\/strong><\/p>\n<p>Neben technischen Fortschritten in der Antriebs- und Speichertechnik kommt dem Leichtbau in Elektrofahrzeugen eine Schl\u00fcsselfunktion zu, da eine Reduzierung des Fahrzeuggewichts eine Senkung des Energiebedarfs erlaubt. Dabei k\u00f6nnen m\u00f6gliche Kosteneinsparungen am Energiespeicher gegen\u00fcber entstehender Leichtbaukosten abgewogen werden. Der ressourceneffiziente, bezahlbare Leichtbau dient somit zum Erreichen des Nationalen Entwicklungsplans Elektromobilit\u00e4t der Bundesregierung.<\/p>\n<p><strong>Motivation<\/strong><\/p>\n<p>Die Kosteneinsparung der durch Leichtbau reduzierten Batteriekapazit\u00e4t \u00fcberwiegt den Kostenaufwand zur Umsetzung neuartiger Leichtbauma\u00dfnahmen und erm\u00f6glicht so eine f\u00fcr den nachhaltigen Markterfolg notwendige attraktive Preisgestaltung von Elektrofahrzeugen.<\/p>\n<p>Dabei sind zahlreiche Fragestellungen im Zusammenhang mit einer effizienten und kosteng\u00fcnstigen Serienfertigung und -montage von Leichtbaufahrzeugstrukturen in Mischbauweise bislang ungekl\u00e4rt. Innerhalb des Projektes wurde hierzu ein systemischer, interdisziplin\u00e4rer Forschungsansatz gew\u00e4hlt, in dem die gesamte Entwicklungs- und Fertigungskette betrachtet werden konnte. Nur so sind die ungenutzten Potentiale hinsichtlich Werkstoff, Simulation, Konstruktion und Prozess von der einzelnen Komponente bis hin zum System sowie in deren Wechselwirkung aufzuzeigen.<\/p>\n<p><strong>L\u00f6sungshypothese<\/strong><\/p>\n<p>Funktionsintegrativer Systemleichtbau in Multi-Material-Design bietet erhebliches Potential zur Masseneinsparung bei moderaten Mehrkosten.<\/p>\n<p><span style=\"color: #008000;\"><strong>Dieses Forschungs- und Entwicklungsprojekt wurde mit Mitteln des Bundesministeriums f\u00fcr Bildung und Forschung (BMBF) im Rahmenkonzept \u201eInnovationen f\u00fcr die Produktion, Dienstleistung und Arbeit von morgen\u201c (F\u00f6rderkennzeichen 02PJ2770 \u2013 02PJ2781) und mit Mitteln aus dem Energie- und Klimafonds gef\u00f6rdert und vom Projekttr\u00e4ger Karlsruhe (PTKA) betreut.<br \/>\nDie Verantwortung f\u00fcr den Inhalt dieser Ver\u00f6ffentlichung liegt beim Autor.<\/strong><\/span><\/p>\n","protected":false},"excerpt":{"rendered":"<p>Ressourceneffiziente Mischbauweisen f\u00fcr Leichtbau-Karosserien Neben technischen Fortschritten in der Antriebs- und Speichertechnik kommt dem Leichtbau in Elektrofahrzeugen eine Schl\u00fcsselfunktion zu, da eine Reduzierung des Fahrzeuggewichts eine Senkung des Energiebedarfs erlaubt. Dabei k\u00f6nnen m\u00f6gliche Kosteneinsparungen am Energiespeicher gegen\u00fcber entstehender Leichtbaukosten abgewogen werden. Der ressourceneffiziente, bezahlbare Leichtbau dient somit zum Erreichen des Nationalen Entwicklungsplans Elektromobilit\u00e4t der Bundesregierung. &hellip; <a href=\"https:\/\/plattform-forel.de\/leika\/\" class=\"more-link\"><span class=\"screen-reader-text\">LEIKA<\/span> weiterlesen <span class=\"meta-nav\">&rarr;<\/span><\/a><\/p>\n","protected":false},"author":1,"featured_media":0,"parent":0,"menu_order":0,"comment_status":"closed","ping_status":"closed","template":"","meta":[],"_links":{"self":[{"href":"https:\/\/plattform-forel.de\/leika\/wp-json\/wp\/v2\/pages\/7"}],"collection":[{"href":"https:\/\/plattform-forel.de\/leika\/wp-json\/wp\/v2\/pages"}],"about":[{"href":"https:\/\/plattform-forel.de\/leika\/wp-json\/wp\/v2\/types\/page"}],"author":[{"embeddable":true,"href":"https:\/\/plattform-forel.de\/leika\/wp-json\/wp\/v2\/users\/1"}],"replies":[{"embeddable":true,"href":"https:\/\/plattform-forel.de\/leika\/wp-json\/wp\/v2\/comments?post=7"}],"version-history":[{"count":11,"href":"https:\/\/plattform-forel.de\/leika\/wp-json\/wp\/v2\/pages\/7\/revisions"}],"predecessor-version":[{"id":91,"href":"https:\/\/plattform-forel.de\/leika\/wp-json\/wp\/v2\/pages\/7\/revisions\/91"}],"wp:attachment":[{"href":"https:\/\/plattform-forel.de\/leika\/wp-json\/wp\/v2\/media?parent=7"}],"curies":[{"name":"wp","href":"https:\/\/api.w.org\/{rel}","templated":true}]}}