{"id":9,"date":"2017-09-12T13:28:23","date_gmt":"2017-09-12T11:28:23","guid":{"rendered":"http:\/\/plattform-forel.de\/mm3d\/?page_id=9"},"modified":"2017-09-12T13:54:12","modified_gmt":"2017-09-12T11:54:12","slug":"mm3d","status":"publish","type":"page","link":"https:\/\/plattform-forel.de\/mm3d\/","title":{"rendered":"MM3D"},"content":{"rendered":"<p><strong>Generative Fertigung von Multi-Material-Leichtbaustrukturen<br \/>\nund -Werkzeugsystemen<\/strong><\/p>\n<p>Hochleistungs-Faserverbundwerkstoffe besitzen ein gro\u00dfes Leichtbaupotential und erm\u00f6glichen neuartige Bauweisen f\u00fcr ressourcenschonende Hightech-Produkte. Die intelligente Kombination von Faserverbunden mit klassischen Konstruktionswerkstoffen wie Metallen \u2013 das sogenannte Multi-Material-Design (MMD) \u2013 f\u00fchrt weiterhin zur deutlichen Erweiterung des  Anwendungsspektrums infolge der zielgerichteten Ausnutzung werkstoffspezifischer Vorteile. Das gro\u00dfe Potential l\u00e4sst sich jedoch nur dann wirtschaftlich nutzen, wenn geeignete effiziente Fertigungstechnologien f\u00fcr unterschiedliche St\u00fcckzahlszenarien zur Verf\u00fcgung stehen.<\/p>\n<p><strong>Motivation<\/strong><\/p>\n<p>Die Realisierung von MMD-Leichtbaustrukturen wird bislang durch kostenintensive Anlagentechnik und vor allem durch hohe Formwerkzeugkosten erschwert, was den Einsatz dieser neuartigen Hybridstrukturen insbesondere f\u00fcr kleine bis mittlere St\u00fcckzahlen verwehrt. Ein weiteres ungenutztes Potential bieten stetige Kundenanfragen nach MMD-Musterbauteilen, um diese unter Einsatzbedingungen zu pr\u00fcfen und anschlie\u00dfend eine Serienfertigung zu beauftragen. Die bisherigen hohen Investitionskosten sind jedoch insbesondere f\u00fcr kleine und mittlere Unternehmen (KMU) nicht zu stemmen.<\/p>\n<p>Generative Verfahren k\u00f6nnten hier eine L\u00f6sung bieten. Die auch unter dem Namen \u201e3D-Druck\u201c bekannten additiven Technologien revolutionieren aktuell branchen\u00fcbergreifend die Fertigungsindustrie. Allerdings ist es bislang nicht m\u00f6glich MMD-Leichtbauteile, etwa eine Faserverbund-Metall-Hybridstruktur, generativ zu fertigen. Mit dem gebr\u00e4uchlichen schichtweisen additiven Materialauftrag ist zudem eine eigenschaftskonforme Abbildung nicht m\u00f6glich, so dass der Kunde das erzeugte Bauteil zwar geometrisch abmustern, jedoch aber nicht im Einsatzfall testen oder direkt einsetzen kann. Damit Unternehmen tats\u00e4chlich ohne Investitionskosten ein MMD-Musterbauteil mit sp\u00e4teren Serieneigenschaften anbieten k\u00f6nnen, fehlen geeignete Methoden und Technologien zur kosteng\u00fcnstigen eigenschaftskonformen generativen Herstellung.<\/p>\n<p><strong>L\u00f6sungshypothese<\/strong><\/p>\n<p>Das Konsortium setzt daher mit dem \u00fcbergreifenden Ziel an, generative Fertigungstechnologien f\u00fcr Multi-Material-Leichtbaustrukturen mit anwendungsgerechtem strukturmechanischem Eigenschaftsprofil sowie zugeh\u00f6rige Werkzeugtechnologien an einem MM3D-Demonstrator zu erforschen und zu erproben. Flankierend zur Technologieentwicklung sollen im Sinne der nachhaltigen Verwertung der Forschungsergebnisse auch Formen zur effizienten unternehmens\u00fcbergreifenden Zusammenarbeit aus der Idee einer \u201eShared Factory\u201c entwickelt und exemplarisch erprobt werden, so dass im Ergebnis ein signifikanter Wettbewerbsvorteil f\u00fcr s\u00e4chsische Unternehmen in einem bedeutenden Zukunftsmarkt m\u00f6glich wird.<\/p>\n","protected":false},"excerpt":{"rendered":"<p>Generative Fertigung von Multi-Material-Leichtbaustrukturen und -Werkzeugsystemen Hochleistungs-Faserverbundwerkstoffe besitzen ein gro\u00dfes Leichtbaupotential und erm\u00f6glichen neuartige Bauweisen f\u00fcr ressourcenschonende Hightech-Produkte. Die intelligente Kombination von Faserverbunden mit klassischen Konstruktionswerkstoffen wie Metallen \u2013 das sogenannte Multi-Material-Design (MMD) \u2013 f\u00fchrt weiterhin zur deutlichen Erweiterung des Anwendungsspektrums infolge der zielgerichteten Ausnutzung werkstoffspezifischer Vorteile. Das gro\u00dfe Potential l\u00e4sst sich jedoch nur dann &hellip; <a href=\"https:\/\/plattform-forel.de\/mm3d\/\" class=\"more-link\"><span class=\"screen-reader-text\">MM3D<\/span> weiterlesen <span class=\"meta-nav\">&rarr;<\/span><\/a><\/p>\n","protected":false},"author":2,"featured_media":0,"parent":0,"menu_order":0,"comment_status":"closed","ping_status":"closed","template":"","meta":[],"_links":{"self":[{"href":"https:\/\/plattform-forel.de\/mm3d\/wp-json\/wp\/v2\/pages\/9"}],"collection":[{"href":"https:\/\/plattform-forel.de\/mm3d\/wp-json\/wp\/v2\/pages"}],"about":[{"href":"https:\/\/plattform-forel.de\/mm3d\/wp-json\/wp\/v2\/types\/page"}],"author":[{"embeddable":true,"href":"https:\/\/plattform-forel.de\/mm3d\/wp-json\/wp\/v2\/users\/2"}],"replies":[{"embeddable":true,"href":"https:\/\/plattform-forel.de\/mm3d\/wp-json\/wp\/v2\/comments?post=9"}],"version-history":[{"count":4,"href":"https:\/\/plattform-forel.de\/mm3d\/wp-json\/wp\/v2\/pages\/9\/revisions"}],"predecessor-version":[{"id":34,"href":"https:\/\/plattform-forel.de\/mm3d\/wp-json\/wp\/v2\/pages\/9\/revisions\/34"}],"wp:attachment":[{"href":"https:\/\/plattform-forel.de\/mm3d\/wp-json\/wp\/v2\/media?parent=9"}],"curies":[{"name":"wp","href":"https:\/\/api.w.org\/{rel}","templated":true}]}}