{"id":12,"date":"2016-09-14T18:10:15","date_gmt":"2016-09-14T16:10:15","guid":{"rendered":"http:\/\/plattform-forel.de\/prolei\/?page_id=12"},"modified":"2016-09-16T11:07:30","modified_gmt":"2016-09-16T09:07:30","slug":"handlungsfelder","status":"publish","type":"page","link":"https:\/\/plattform-forel.de\/prolei\/handlungsfelder\/","title":{"rendered":"Handlungsfelder"},"content":{"rendered":"<p>Ausgehend von einer umfassenden Anforderungsanalyse (siehe Abbildung) sind in PROLEI fundierte Arbeiten zur industrienahen Erforschung angepasster F\u00fcgverfahren f\u00fcr Kunststoff-Metall-Verbindungen geplant.<br \/>\nDie Entwicklung angepasster Systemtechnik zur effizienten Erzeugung ma\u00dfgeschneiderter Oberfl\u00e4chenstrukturen mittels Laserstrahlung zielt auf die effiziente Vorbehandlung gro\u00dfer Freiform-F\u00fcgefl\u00e4chen ab. Von dieser Technologie ausgehend findet die Prozessentwicklung robotergest\u00fctzter Direktf\u00fcgeverfahren f\u00fcr die Fertigung von Kunststoff-Metall-Hybridbauteilen in Gro\u00dfserie statt.<br \/>\nAls Wegweiser dieser Schritte liegt der wissenschaftliche Kern des Vorhabens in der Vertiefung des zugrunde liegenden Prozessverst\u00e4ndnisses. Dabei sichern experimentell ermittelte Kennwerte von Kunststoff-Metall-Hybridverbunden die simulationsgest\u00fctzte Auslegung der F\u00fcgeverbindung ab. Daneben wird erforscht, wie die Verbundeigenschaften passend zum Anforderungsprofil modifizierbar sind. Zur Absicherung der Forschungsergebnisse wird das Kleben als Referenzverfahren herangezogen.<\/p>\n<table>\n<tbody>\n<tr>\n<td><img loading=\"lazy\" class=\"aligncenter wp-image-32\" src=\"http:\/\/plattform-forel.de\/prolei\/wp-content\/uploads\/sites\/11\/2016\/09\/Prolei_Projektschaubild-1021x1024.jpg\" alt=\"\" width=\"375\" height=\"376\" srcset=\"https:\/\/plattform-forel.de\/prolei\/wp-content\/uploads\/sites\/11\/2016\/09\/Prolei_Projektschaubild-1021x1024.jpg 1021w, https:\/\/plattform-forel.de\/prolei\/wp-content\/uploads\/sites\/11\/2016\/09\/Prolei_Projektschaubild-150x150.jpg 150w, https:\/\/plattform-forel.de\/prolei\/wp-content\/uploads\/sites\/11\/2016\/09\/Prolei_Projektschaubild-300x300.jpg 300w, https:\/\/plattform-forel.de\/prolei\/wp-content\/uploads\/sites\/11\/2016\/09\/Prolei_Projektschaubild-768x770.jpg 768w\" sizes=\"(max-width: 375px) 100vw, 375px\" \/><\/td>\n<\/tr>\n<tr>\n<td style=\"text-align: center;\">Arbeitsplan und Zusammenarbeit in PROLEI<\/td>\n<\/tr>\n<\/tbody>\n<\/table>\n","protected":false},"excerpt":{"rendered":"<p>Ausgehend von einer umfassenden Anforderungsanalyse (siehe Abbildung) sind in PROLEI fundierte Arbeiten zur industrienahen Erforschung angepasster F\u00fcgverfahren f\u00fcr Kunststoff-Metall-Verbindungen geplant. Die Entwicklung angepasster Systemtechnik zur effizienten Erzeugung ma\u00dfgeschneiderter Oberfl\u00e4chenstrukturen mittels Laserstrahlung zielt auf die effiziente Vorbehandlung gro\u00dfer Freiform-F\u00fcgefl\u00e4chen ab. Von dieser Technologie ausgehend findet die Prozessentwicklung robotergest\u00fctzter Direktf\u00fcgeverfahren f\u00fcr die Fertigung von Kunststoff-Metall-Hybridbauteilen in Gro\u00dfserie &hellip; <a href=\"https:\/\/plattform-forel.de\/prolei\/handlungsfelder\/\" class=\"more-link\"><span class=\"screen-reader-text\">Handlungsfelder<\/span> weiterlesen <span class=\"meta-nav\">&rarr;<\/span><\/a><\/p>\n","protected":false},"author":2,"featured_media":0,"parent":0,"menu_order":0,"comment_status":"closed","ping_status":"closed","template":"","meta":[],"_links":{"self":[{"href":"https:\/\/plattform-forel.de\/prolei\/wp-json\/wp\/v2\/pages\/12"}],"collection":[{"href":"https:\/\/plattform-forel.de\/prolei\/wp-json\/wp\/v2\/pages"}],"about":[{"href":"https:\/\/plattform-forel.de\/prolei\/wp-json\/wp\/v2\/types\/page"}],"author":[{"embeddable":true,"href":"https:\/\/plattform-forel.de\/prolei\/wp-json\/wp\/v2\/users\/2"}],"replies":[{"embeddable":true,"href":"https:\/\/plattform-forel.de\/prolei\/wp-json\/wp\/v2\/comments?post=12"}],"version-history":[{"count":5,"href":"https:\/\/plattform-forel.de\/prolei\/wp-json\/wp\/v2\/pages\/12\/revisions"}],"predecessor-version":[{"id":52,"href":"https:\/\/plattform-forel.de\/prolei\/wp-json\/wp\/v2\/pages\/12\/revisions\/52"}],"wp:attachment":[{"href":"https:\/\/plattform-forel.de\/prolei\/wp-json\/wp\/v2\/media?parent=12"}],"curies":[{"name":"wp","href":"https:\/\/api.w.org\/{rel}","templated":true}]}}