{"id":16,"date":"2016-09-14T18:11:08","date_gmt":"2016-09-14T16:11:08","guid":{"rendered":"http:\/\/plattform-forel.de\/prolei\/?page_id=16"},"modified":"2016-09-29T08:54:32","modified_gmt":"2016-09-29T06:54:32","slug":"partner","status":"publish","type":"page","link":"https:\/\/plattform-forel.de\/prolei\/partner\/","title":{"rendered":"Partner"},"content":{"rendered":"<p><img loading=\"lazy\" class=\"aligncenter  wp-image-43\" src=\"http:\/\/plattform-forel.de\/prolei\/wp-content\/uploads\/sites\/11\/2016\/09\/partner.jpg\" alt=\"partner\" width=\"368\" height=\"239\" \/><\/p>\n<ul>\n<li>Airbus Group (Konsortialf\u00fchrer)<\/li>\n<li>ARGES GmbH<\/li>\n<li>inpro Innovationsgesellschaft f\u00fcr fortgeschrittene Produktionssysteme in der Fahrzeugindustrie mbH<\/li>\n<li>Laboratorium f\u00fcr Werkstoff- und F\u00fcgetechnik (LWF), Universit\u00e4t Paderborn<\/li>\n<li>Institut f\u00fcr Werkzeugmaschinen und Betriebswissenschaften (iwb), Technische Universit\u00e4t M\u00fcnchen<\/li>\n<li>Volkswagen\u00a0AG<\/li>\n<\/ul>\n<p>&nbsp;<\/p>\n","protected":false},"excerpt":{"rendered":"<p>Airbus Group (Konsortialf\u00fchrer) ARGES GmbH inpro Innovationsgesellschaft f\u00fcr fortgeschrittene Produktionssysteme in der Fahrzeugindustrie mbH Laboratorium f\u00fcr Werkstoff- und F\u00fcgetechnik (LWF), Universit\u00e4t Paderborn Institut f\u00fcr Werkzeugmaschinen und Betriebswissenschaften (iwb), Technische Universit\u00e4t M\u00fcnchen Volkswagen\u00a0AG &nbsp;<\/p>\n","protected":false},"author":2,"featured_media":0,"parent":0,"menu_order":0,"comment_status":"closed","ping_status":"closed","template":"","meta":[],"_links":{"self":[{"href":"https:\/\/plattform-forel.de\/prolei\/wp-json\/wp\/v2\/pages\/16"}],"collection":[{"href":"https:\/\/plattform-forel.de\/prolei\/wp-json\/wp\/v2\/pages"}],"about":[{"href":"https:\/\/plattform-forel.de\/prolei\/wp-json\/wp\/v2\/types\/page"}],"author":[{"embeddable":true,"href":"https:\/\/plattform-forel.de\/prolei\/wp-json\/wp\/v2\/users\/2"}],"replies":[{"embeddable":true,"href":"https:\/\/plattform-forel.de\/prolei\/wp-json\/wp\/v2\/comments?post=16"}],"version-history":[{"count":5,"href":"https:\/\/plattform-forel.de\/prolei\/wp-json\/wp\/v2\/pages\/16\/revisions"}],"predecessor-version":[{"id":58,"href":"https:\/\/plattform-forel.de\/prolei\/wp-json\/wp\/v2\/pages\/16\/revisions\/58"}],"wp:attachment":[{"href":"https:\/\/plattform-forel.de\/prolei\/wp-json\/wp\/v2\/media?parent=16"}],"curies":[{"name":"wp","href":"https:\/\/api.w.org\/{rel}","templated":true}]}}