{"id":18,"date":"2016-09-14T18:11:23","date_gmt":"2016-09-14T16:11:23","guid":{"rendered":"http:\/\/plattform-forel.de\/prolei\/?page_id=18"},"modified":"2016-09-16T11:17:26","modified_gmt":"2016-09-16T09:17:26","slug":"projektinhalt","status":"publish","type":"page","link":"https:\/\/plattform-forel.de\/prolei\/projektinhalt\/","title":{"rendered":"Projektinhalt"},"content":{"rendered":"<p>Durch die Erforschung angepasster F\u00fcgetechnologien findet im Forschungsprojekt PROLEI ein wesentlicher Beitrag zur Bef\u00e4higung von Leichtbaustrukturen in Kunststoff-Metall-Mischbauweise statt (siehe Abbildung 1). Besondere Schwerpunkte bilden dabei Prozesse zum laserbasierten Strukturieren von F\u00fcgefl\u00e4chen (siehe Abbildung 2), zum robotergef\u00fchrten Direktf\u00fcgen von duroplastischen Kunststoffen sowie zum roboterbasierten Reibpressf\u00fcgen von Thermoplasten. Diese beiden Kunststoffarten werden durch den Aufbau angepasster Systemtechnik f\u00fcr den direkten Einsatz in der industriellen Prozesskette qualifiziert. Ein vertieftes Prozessverst\u00e4ndnis wird \u00fcber die simulationsbasierte Auslegung sowie mittels experimenteller Untersuchungen zu den wirkenden Bindemechanismen erzeugt.<\/p>\n<table>\n<tbody>\n<tr>\n<td><img loading=\"lazy\" class=\"aligncenter wp-image-34\" src=\"http:\/\/plattform-forel.de\/prolei\/wp-content\/uploads\/sites\/11\/2016\/09\/Prolei_Steckbrief_VW-1024x724.jpg\" alt=\"prolei_steckbrief_vw\" width=\"289\" height=\"204\" srcset=\"https:\/\/plattform-forel.de\/prolei\/wp-content\/uploads\/sites\/11\/2016\/09\/Prolei_Steckbrief_VW-1024x724.jpg 1024w, https:\/\/plattform-forel.de\/prolei\/wp-content\/uploads\/sites\/11\/2016\/09\/Prolei_Steckbrief_VW-300x212.jpg 300w, https:\/\/plattform-forel.de\/prolei\/wp-content\/uploads\/sites\/11\/2016\/09\/Prolei_Steckbrief_VW-768x543.jpg 768w, https:\/\/plattform-forel.de\/prolei\/wp-content\/uploads\/sites\/11\/2016\/09\/Prolei_Steckbrief_VW.jpg 1920w\" sizes=\"(max-width: 289px) 100vw, 289px\" \/><\/td>\n<td><img loading=\"lazy\" class=\"aligncenter wp-image-35\" src=\"http:\/\/plattform-forel.de\/prolei\/wp-content\/uploads\/sites\/11\/2016\/09\/Prolei_Skizze_KMV-.jpg\" alt=\"prolei_skizze_kmv\" width=\"304\" height=\"171\" srcset=\"https:\/\/plattform-forel.de\/prolei\/wp-content\/uploads\/sites\/11\/2016\/09\/Prolei_Skizze_KMV-.jpg 1000w, https:\/\/plattform-forel.de\/prolei\/wp-content\/uploads\/sites\/11\/2016\/09\/Prolei_Skizze_KMV--300x169.jpg 300w, https:\/\/plattform-forel.de\/prolei\/wp-content\/uploads\/sites\/11\/2016\/09\/Prolei_Skizze_KMV--768x432.jpg 768w\" sizes=\"(max-width: 304px) 100vw, 304px\" \/><\/td>\n<\/tr>\n<tr>\n<td>Abbildung 1: Multimaterial-Karosserie des Audi R8 (Quelle: Audi AG)<\/td>\n<td>Abbildung 2: Laserstruktur auf einem Metall-FVK-Hybridbauteil (Quelle: iwb)<\/td>\n<\/tr>\n<\/tbody>\n<\/table>\n","protected":false},"excerpt":{"rendered":"<p>Durch die Erforschung angepasster F\u00fcgetechnologien findet im Forschungsprojekt PROLEI ein wesentlicher Beitrag zur Bef\u00e4higung von Leichtbaustrukturen in Kunststoff-Metall-Mischbauweise statt (siehe Abbildung 1). Besondere Schwerpunkte bilden dabei Prozesse zum laserbasierten Strukturieren von F\u00fcgefl\u00e4chen (siehe Abbildung 2), zum robotergef\u00fchrten Direktf\u00fcgen von duroplastischen Kunststoffen sowie zum roboterbasierten Reibpressf\u00fcgen von Thermoplasten. Diese beiden Kunststoffarten werden durch den Aufbau angepasster &hellip; <a href=\"https:\/\/plattform-forel.de\/prolei\/projektinhalt\/\" class=\"more-link\"><span class=\"screen-reader-text\">Projektinhalt<\/span> weiterlesen <span class=\"meta-nav\">&rarr;<\/span><\/a><\/p>\n","protected":false},"author":2,"featured_media":0,"parent":0,"menu_order":0,"comment_status":"closed","ping_status":"closed","template":"","meta":[],"_links":{"self":[{"href":"https:\/\/plattform-forel.de\/prolei\/wp-json\/wp\/v2\/pages\/18"}],"collection":[{"href":"https:\/\/plattform-forel.de\/prolei\/wp-json\/wp\/v2\/pages"}],"about":[{"href":"https:\/\/plattform-forel.de\/prolei\/wp-json\/wp\/v2\/types\/page"}],"author":[{"embeddable":true,"href":"https:\/\/plattform-forel.de\/prolei\/wp-json\/wp\/v2\/users\/2"}],"replies":[{"embeddable":true,"href":"https:\/\/plattform-forel.de\/prolei\/wp-json\/wp\/v2\/comments?post=18"}],"version-history":[{"count":9,"href":"https:\/\/plattform-forel.de\/prolei\/wp-json\/wp\/v2\/pages\/18\/revisions"}],"predecessor-version":[{"id":55,"href":"https:\/\/plattform-forel.de\/prolei\/wp-json\/wp\/v2\/pages\/18\/revisions\/55"}],"wp:attachment":[{"href":"https:\/\/plattform-forel.de\/prolei\/wp-json\/wp\/v2\/media?parent=18"}],"curies":[{"name":"wp","href":"https:\/\/api.w.org\/{rel}","templated":true}]}}