{"id":16,"date":"2015-06-01T09:28:12","date_gmt":"2015-06-01T09:28:12","guid":{"rendered":"http:\/\/plattform-forel.de\/q-pro\/?page_id=16"},"modified":"2015-06-01T09:33:25","modified_gmt":"2015-06-01T09:33:25","slug":"handlungsfelder","status":"publish","type":"page","link":"https:\/\/plattform-forel.de\/q-pro\/handlungsfelder\/","title":{"rendered":"Handlungsfelder"},"content":{"rendered":"<p>\u00dcbergeordnetes Ziel des Vorhabens ist die Realisierung einer qualit\u00e4tsgesicherten Fertigungskette f\u00fcr neuartige intrinsische Metall-FKV-Hybridverbunde, die deren Zugang in die Serienproduktion f\u00fcr die Elektromobilit\u00e4t erm\u00f6glicht. Dabei soll das Leichtbaupotenzial von Fahrzeugstrukturen aus derartigen Hybridverbunden<\/p>\n<ul>\n<li>einerseits durch die Verbesserung der Verbindungsfestigkeit zwischen den Verbundkomponenten und<\/li>\n<li>andererseits durch den Aufbau einer durchg\u00e4ngigen Online-Qualit\u00e4ts\u00fcberwachung durch Einbindung hybridverbund- und prozessgerechter Pr\u00fcftechnik in die Prozessstrecke erschlossen werden.<\/li>\n<\/ul>\n<p>Begleitet werden die experimentellen Untersuchungen durch die Entwicklung von<\/p>\n<ul>\n<li>virtuellen Prozessentwicklungs- und -analysemethoden f\u00fcr die Erfassung der werkstofflichen und konstruktiv-technologischen Einflussfaktoren sowie deren gegenseitige Wechselwirkungen auf die Bauteilqualit\u00e4t.<\/li>\n<\/ul>\n<p>Durch diesen systemischen Ansatz soll die Attraktivit\u00e4t und das Einsatzpotenzial der intrinsischen Hybridverbunde f\u00fcr die Elektromobilit\u00e4t gesteigert werden.<\/p>\n<p>Um die erforderlichen Verbindungsfestigkeiten zu erreichen, sollen material- und prozessangepasste Haftvermittlersysteme entwickelt werden. Weiterhin soll durch Modifikation der Stahloberfl\u00e4che mittels Laserbearbeitung eine Verbesserung der Haftungseigenschaften durch Mikroformschluss erzielt werden. Aufbauend auf dem Tool DETACT wird eine Prozessdatenbasis aufgebaut, um den Produktionsprozess mit geringem Zeit- und Kostenaufwand effizient und robust zu gestalten. Zur Verifizierung der virtuellen Prozesskettenanalyse werden u.a. als Qualit\u00e4tssicherungsma\u00dfnahme zerst\u00f6rungsfreie Pr\u00fcfverfahren herangezogen, welche eine Strukturaufkl\u00e4rung z.B. hinsichtlich Grenzschichtausbildung, Faserorientierung und Fehlstellen erm\u00f6glichen.<br \/>\nAbschlie\u00dfend werden die entwickelten Technologien mit Unterst\u00fctzung der virtuellen Prozesskettenanalyse in einer vollautomatisieren, qualit\u00e4tsgesicherten Demonstratorfertigungszelle zur Herstellung h\u00f6chstbelastbarer intrinsischer Metall-FKV-Verbunde mit einer Zieltaktzeiten von weniger als 90 Sekunden kombiniert und steuerungstechnisch verkn\u00fcpft und im FOREL-Technologiezentrum aufgebaut.<\/p>\n","protected":false},"excerpt":{"rendered":"<p>\u00dcbergeordnetes Ziel des Vorhabens ist die Realisierung einer qualit\u00e4tsgesicherten Fertigungskette f\u00fcr neuartige intrinsische Metall-FKV-Hybridverbunde, die deren Zugang in die Serienproduktion f\u00fcr die Elektromobilit\u00e4t erm\u00f6glicht. Dabei soll das Leichtbaupotenzial von Fahrzeugstrukturen aus derartigen Hybridverbunden einerseits durch die Verbesserung der Verbindungsfestigkeit zwischen den Verbundkomponenten und andererseits durch den Aufbau einer durchg\u00e4ngigen Online-Qualit\u00e4ts\u00fcberwachung durch Einbindung hybridverbund- und prozessgerechter &hellip; <a href=\"https:\/\/plattform-forel.de\/q-pro\/handlungsfelder\/\" class=\"more-link\"><span class=\"screen-reader-text\">Handlungsfelder<\/span> weiterlesen <span class=\"meta-nav\">&rarr;<\/span><\/a><\/p>\n","protected":false},"author":2,"featured_media":0,"parent":0,"menu_order":0,"comment_status":"closed","ping_status":"closed","template":"","meta":[],"_links":{"self":[{"href":"https:\/\/plattform-forel.de\/q-pro\/wp-json\/wp\/v2\/pages\/16"}],"collection":[{"href":"https:\/\/plattform-forel.de\/q-pro\/wp-json\/wp\/v2\/pages"}],"about":[{"href":"https:\/\/plattform-forel.de\/q-pro\/wp-json\/wp\/v2\/types\/page"}],"author":[{"embeddable":true,"href":"https:\/\/plattform-forel.de\/q-pro\/wp-json\/wp\/v2\/users\/2"}],"replies":[{"embeddable":true,"href":"https:\/\/plattform-forel.de\/q-pro\/wp-json\/wp\/v2\/comments?post=16"}],"version-history":[{"count":2,"href":"https:\/\/plattform-forel.de\/q-pro\/wp-json\/wp\/v2\/pages\/16\/revisions"}],"predecessor-version":[{"id":18,"href":"https:\/\/plattform-forel.de\/q-pro\/wp-json\/wp\/v2\/pages\/16\/revisions\/18"}],"wp:attachment":[{"href":"https:\/\/plattform-forel.de\/q-pro\/wp-json\/wp\/v2\/media?parent=16"}],"curies":[{"name":"wp","href":"https:\/\/api.w.org\/{rel}","templated":true}]}}