{"id":15,"date":"2014-11-27T10:20:32","date_gmt":"2014-11-27T10:20:32","guid":{"rendered":"http:\/\/plattform-forel.de\/relei\/?page_id=15"},"modified":"2016-09-29T06:53:50","modified_gmt":"2016-09-29T06:53:50","slug":"partner","status":"publish","type":"page","link":"https:\/\/plattform-forel.de\/relei\/partner\/","title":{"rendered":"Partner"},"content":{"rendered":"<p><a href=\"http:\/\/plattform-forel.de\/relei\/wp-content\/uploads\/sites\/4\/2014\/11\/ReLei-Konsortium.png\" data-rel=\"lightbox-image-0\" data-rl_title=\"\" data-rl_caption=\"\" title=\"\"><img loading=\"lazy\" class=\"alignnone size-full wp-image-55\" src=\"http:\/\/plattform-forel.de\/relei\/wp-content\/uploads\/sites\/4\/2014\/11\/ReLei-Konsortium.png\" alt=\"ReLei-Konsortium\" width=\"2303\" height=\"886\" srcset=\"https:\/\/plattform-forel.de\/relei\/wp-content\/uploads\/sites\/4\/2014\/11\/ReLei-Konsortium.png 2303w, https:\/\/plattform-forel.de\/relei\/wp-content\/uploads\/sites\/4\/2014\/11\/ReLei-Konsortium-300x115.png 300w, https:\/\/plattform-forel.de\/relei\/wp-content\/uploads\/sites\/4\/2014\/11\/ReLei-Konsortium-1024x393.png 1024w\" sizes=\"(max-width: 2303px) 100vw, 2303px\" \/><\/a><\/p>\n<p>ElringKlinger AG (Konsortialf\u00fchrer)<br \/>\nRemondis Assets &amp; Services GmbH &amp; Co. KG<br \/>\nB\u00f6llhoff GmbH &amp; Co. KG<br \/>\ninpro Innovationsgesellschaft f\u00fcr fortgeschrittene Produktionssysteme in der Fahrzeugindustrie mbH<br \/>\nGrimm-Schirp Maschinen- und Werkzeugbau GmbH<br \/>\nImpuls Tec GmbH<br \/>\nInstitut f\u00fcr Leichtbau und Kunststofftechnik (ILK) der TU Dresden<br \/>\nLaboratorium f\u00fcr Werkstoff- und F\u00fcgetechnik (LWF) der Universit\u00e4t Paderborn<br \/>\nInstitut f\u00fcr Aufbereitungsmaschinen (IAM) der TU Bergakademie Freiberg<\/p>\n<p><strong>Assoziierte Partner<\/strong><br \/>\nAUDI AG<br \/>\nTrexel GmbH<br \/>\nKraussMaffei Technologies GmbH<\/p>\n","protected":false},"excerpt":{"rendered":"<p>ElringKlinger AG (Konsortialf\u00fchrer) Remondis Assets &amp; Services GmbH &amp; Co. KG B\u00f6llhoff GmbH &amp; Co. KG inpro Innovationsgesellschaft f\u00fcr fortgeschrittene Produktionssysteme in der Fahrzeugindustrie mbH Grimm-Schirp Maschinen- und Werkzeugbau GmbH Impuls Tec GmbH Institut f\u00fcr Leichtbau und Kunststofftechnik (ILK) der TU Dresden Laboratorium f\u00fcr Werkstoff- und F\u00fcgetechnik (LWF) der Universit\u00e4t Paderborn Institut f\u00fcr Aufbereitungsmaschinen (IAM) &hellip; <a href=\"https:\/\/plattform-forel.de\/relei\/partner\/\" class=\"more-link\"><span class=\"screen-reader-text\">Partner<\/span> weiterlesen <span class=\"meta-nav\">&rarr;<\/span><\/a><\/p>\n","protected":false},"author":2,"featured_media":0,"parent":0,"menu_order":0,"comment_status":"closed","ping_status":"closed","template":"","meta":[],"_links":{"self":[{"href":"https:\/\/plattform-forel.de\/relei\/wp-json\/wp\/v2\/pages\/15"}],"collection":[{"href":"https:\/\/plattform-forel.de\/relei\/wp-json\/wp\/v2\/pages"}],"about":[{"href":"https:\/\/plattform-forel.de\/relei\/wp-json\/wp\/v2\/types\/page"}],"author":[{"embeddable":true,"href":"https:\/\/plattform-forel.de\/relei\/wp-json\/wp\/v2\/users\/2"}],"replies":[{"embeddable":true,"href":"https:\/\/plattform-forel.de\/relei\/wp-json\/wp\/v2\/comments?post=15"}],"version-history":[{"count":11,"href":"https:\/\/plattform-forel.de\/relei\/wp-json\/wp\/v2\/pages\/15\/revisions"}],"predecessor-version":[{"id":64,"href":"https:\/\/plattform-forel.de\/relei\/wp-json\/wp\/v2\/pages\/15\/revisions\/64"}],"wp:attachment":[{"href":"https:\/\/plattform-forel.de\/relei\/wp-json\/wp\/v2\/media?parent=15"}],"curies":[{"name":"wp","href":"https:\/\/api.w.org\/{rel}","templated":true}]}}