{"id":21,"date":"2015-11-23T13:09:58","date_gmt":"2015-11-23T12:09:58","guid":{"rendered":"http:\/\/plattform-forel.de\/sampa\/?page_id=21"},"modified":"2015-11-23T13:17:06","modified_gmt":"2015-11-23T12:17:06","slug":"handlungsfelder","status":"publish","type":"page","link":"https:\/\/plattform-forel.de\/sampa\/handlungsfelder\/","title":{"rendered":"Handlungsfelder"},"content":{"rendered":"<p>Zur Umsetzung des SamPa-Projekts wird ein L\u00f6sungsansatz verfolgt, der eine ganzheitliche Betrachtung der Einzelprozesse Spritzgie\u00dfen und Partikelsch\u00e4umen vorsieht. Es werden Schnittstellen und bislang ungenutzte Potentiale identifiziert und anschlie\u00dfend in der geplanten Verfahrenskombination Partikelsch\u00e4umen-Spritzgie\u00dfen realisiert. Durchg\u00e4ngige Analysen der Prozessstrecke, der Charakterisierung neuartiger Materialkombinationen sowie die Durchf\u00fchrung von Struktur- und Prozesssimulationen dienen zur Verifizierung und Validierung der gewonnenen Erkenntnisse:<\/p>\n<ul>\n<li>Potentialanalyse f\u00fcr partikelgesch\u00e4umte Leichtbauanwendungen in automobilen Strukturen<\/li>\n<li>Erarbeitung von Bauweisenkonzepten f\u00fcr hybride Strukturen mit Partikelschaumstoffen<\/li>\n<li>Halbzeugentwicklung und Materialcharakterisierung<\/li>\n<li>Untersuchungen zur Bestimmung materialtechnologischer und prozesstechnischer Grenzwerte (Machbarkeitsstudien)<\/li>\n<li>Entwicklung einer zerst\u00f6rungsfreien inline-pr\u00fcfung zur Qualit\u00e4ts\u00fcberwachung<\/li>\n<li>Konzeption und Aufbau einer kombinierten Partikelsch\u00e4um-Spritzgie\u00dfeinheit zur Herstellung bauteil- und funktionsintegrierter Strukturen<\/li>\n<li>Entwicklung und Bewertung angepasster FE-Modelle zur Untersuchung der Fertigungsprozesse sowie der Abbildung des lokalen und globalen Bauteilverhaltens<\/li>\n<li>Aufbau und Initialisierung einer automatisierten Pilotanlage zur seriennahen Herstellung der Demonstratorstrukturen<\/li>\n<li>Pr\u00fcfung der prototypischen Bauteilstrukturen in ausgew\u00e4hlten Lastf\u00e4llen<\/li>\n<\/ul>\n","protected":false},"excerpt":{"rendered":"<p>Zur Umsetzung des SamPa-Projekts wird ein L\u00f6sungsansatz verfolgt, der eine ganzheitliche Betrachtung der Einzelprozesse Spritzgie\u00dfen und Partikelsch\u00e4umen vorsieht. Es werden Schnittstellen und bislang ungenutzte Potentiale identifiziert und anschlie\u00dfend in der geplanten Verfahrenskombination Partikelsch\u00e4umen-Spritzgie\u00dfen realisiert. Durchg\u00e4ngige Analysen der Prozessstrecke, der Charakterisierung neuartiger Materialkombinationen sowie die Durchf\u00fchrung von Struktur- und Prozesssimulationen dienen zur Verifizierung und Validierung der &hellip; <a href=\"https:\/\/plattform-forel.de\/sampa\/handlungsfelder\/\" class=\"more-link\"><span class=\"screen-reader-text\">Handlungsfelder<\/span> weiterlesen <span class=\"meta-nav\">&rarr;<\/span><\/a><\/p>\n","protected":false},"author":2,"featured_media":0,"parent":0,"menu_order":0,"comment_status":"closed","ping_status":"closed","template":"","meta":[],"_links":{"self":[{"href":"https:\/\/plattform-forel.de\/sampa\/wp-json\/wp\/v2\/pages\/21"}],"collection":[{"href":"https:\/\/plattform-forel.de\/sampa\/wp-json\/wp\/v2\/pages"}],"about":[{"href":"https:\/\/plattform-forel.de\/sampa\/wp-json\/wp\/v2\/types\/page"}],"author":[{"embeddable":true,"href":"https:\/\/plattform-forel.de\/sampa\/wp-json\/wp\/v2\/users\/2"}],"replies":[{"embeddable":true,"href":"https:\/\/plattform-forel.de\/sampa\/wp-json\/wp\/v2\/comments?post=21"}],"version-history":[{"count":2,"href":"https:\/\/plattform-forel.de\/sampa\/wp-json\/wp\/v2\/pages\/21\/revisions"}],"predecessor-version":[{"id":23,"href":"https:\/\/plattform-forel.de\/sampa\/wp-json\/wp\/v2\/pages\/21\/revisions\/23"}],"wp:attachment":[{"href":"https:\/\/plattform-forel.de\/sampa\/wp-json\/wp\/v2\/media?parent=21"}],"curies":[{"name":"wp","href":"https:\/\/api.w.org\/{rel}","templated":true}]}}