{"id":24,"date":"2015-11-23T13:15:29","date_gmt":"2015-11-23T12:15:29","guid":{"rendered":"http:\/\/plattform-forel.de\/sampa\/?page_id=24"},"modified":"2018-07-23T10:50:49","modified_gmt":"2018-07-23T08:50:49","slug":"partner","status":"publish","type":"page","link":"https:\/\/plattform-forel.de\/sampa\/partner\/","title":{"rendered":"Partner"},"content":{"rendered":"<p><img loading=\"lazy\" class=\"alignnone wp-image-14\" src=\"http:\/\/plattform-forel.de\/sampa\/wp-content\/uploads\/sites\/9\/2015\/11\/201504_SamPa_Zusammenarbeit-1024x543.png\" alt=\"201504_SamPa_Zusammenarbeit\" width=\"523\" height=\"277\" srcset=\"https:\/\/plattform-forel.de\/sampa\/wp-content\/uploads\/sites\/9\/2015\/11\/201504_SamPa_Zusammenarbeit-1024x543.png 1024w, https:\/\/plattform-forel.de\/sampa\/wp-content\/uploads\/sites\/9\/2015\/11\/201504_SamPa_Zusammenarbeit-300x159.png 300w\" sizes=\"(max-width: 523px) 100vw, 523px\" \/><\/p>\n<ul>\n<li>Krallmann Pilot-Werkzeug GmbH (Konsortialf\u00fchrer)<\/li>\n<li>ARBURG GmbH + Co KG<\/li>\n<li>RUCH NOVAPLAST GmbH + Co.KG.<\/li>\n<li>Michel Formenbau GmbH &amp; Co.<\/li>\n<li>inpro Innovationsgesellschaft f\u00fcr fortgeschrittene Produktionssysteme in der Fahrzeugindustrie mbH<\/li>\n<li>Laboratorium f\u00fcr Werkstoff- und F\u00fcgetechnik (LWF), Universit\u00e4t Paderborn<\/li>\n<li>Institut f\u00fcr Leichtbau und Kunststofftechnik (ILK), TU Dresden (Co-Konsortialf\u00fchrer)<\/li>\n<\/ul>\n","protected":false},"excerpt":{"rendered":"<p>Krallmann Pilot-Werkzeug GmbH (Konsortialf\u00fchrer) ARBURG GmbH + Co KG RUCH NOVAPLAST GmbH + Co.KG. Michel Formenbau GmbH &amp; Co. inpro Innovationsgesellschaft f\u00fcr fortgeschrittene Produktionssysteme in der Fahrzeugindustrie mbH Laboratorium f\u00fcr Werkstoff- und F\u00fcgetechnik (LWF), Universit\u00e4t Paderborn Institut f\u00fcr Leichtbau und Kunststofftechnik (ILK), TU Dresden (Co-Konsortialf\u00fchrer)<\/p>\n","protected":false},"author":2,"featured_media":0,"parent":0,"menu_order":0,"comment_status":"closed","ping_status":"closed","template":"","meta":[],"_links":{"self":[{"href":"https:\/\/plattform-forel.de\/sampa\/wp-json\/wp\/v2\/pages\/24"}],"collection":[{"href":"https:\/\/plattform-forel.de\/sampa\/wp-json\/wp\/v2\/pages"}],"about":[{"href":"https:\/\/plattform-forel.de\/sampa\/wp-json\/wp\/v2\/types\/page"}],"author":[{"embeddable":true,"href":"https:\/\/plattform-forel.de\/sampa\/wp-json\/wp\/v2\/users\/2"}],"replies":[{"embeddable":true,"href":"https:\/\/plattform-forel.de\/sampa\/wp-json\/wp\/v2\/comments?post=24"}],"version-history":[{"count":5,"href":"https:\/\/plattform-forel.de\/sampa\/wp-json\/wp\/v2\/pages\/24\/revisions"}],"predecessor-version":[{"id":56,"href":"https:\/\/plattform-forel.de\/sampa\/wp-json\/wp\/v2\/pages\/24\/revisions\/56"}],"wp:attachment":[{"href":"https:\/\/plattform-forel.de\/sampa\/wp-json\/wp\/v2\/media?parent=24"}],"curies":[{"name":"wp","href":"https:\/\/api.w.org\/{rel}","templated":true}]}}