{"id":14,"date":"2019-06-06T10:23:03","date_gmt":"2019-06-06T08:23:03","guid":{"rendered":"http:\/\/plattform-forel.de\/snapcure\/?page_id=14"},"modified":"2019-06-06T12:35:46","modified_gmt":"2019-06-06T10:35:46","slug":"snapcure","status":"publish","type":"page","link":"https:\/\/plattform-forel.de\/snapcure\/","title":{"rendered":"SnapCure4.0"},"content":{"rendered":"<p><strong>Innovative Prozessketten mit schnell aush\u00e4rtenden Polymersystemen &#8211; Snap-Cure-Polymers 4.0<\/strong><\/p>\n<p>Faserkunststoffverbunde mit duroplastischen Matrixsystemen weisen im Vergleich zu klassischen Konstruktionswerkstoffen neben hervorragenden spezifischen Werkstoffeigenschaften Besonderheiten auf, die sie insbesondere f\u00fcr den Einsatz in Bauteilklassen mit hoher Variabilit\u00e4t und kleinen bis mittleren St\u00fcckzahlen pr\u00e4destinieren. Dabei bieten sie au\u00dferordentlich hohe Flexibilit\u00e4t hinsichtlich der Bauweise und Gestaltung von Komponenten, Subsystemen und Systemen. Weitere Vorteile ergeben sich aus den moderaten und einstellbaren Prozessbedingungen w\u00e4hrend der Bauteilherstellung sowie gro\u00dfer Freiheit bei der Einstellung ma\u00dfgeschneiderter Eigenschaften durch Verwendung anwendungsangepasster Faserpreformen. Der Einsatz von Faserkunststoffverbunden ist allerdings mit grundlegenden Herausforderungen verbunden. So ist etwa der Aufwand f\u00fcr die Entwicklung von einzelnen Produkten gerade aufgrund des eher komplizierten werkstoff-mechanischen Verhaltens der Faserverbundwerkstoffe h\u00e4ufig zu hoch.<\/p>\n<p><strong>Motivation<\/strong><\/p>\n<p>Ein gro\u00dfes Potential f\u00fcr die Fertigung von Hochleistungs-Faserverbundwerkstoffen in Bauteilklassen mit hoher Variabilit\u00e4t und kleinen bis mittleren St\u00fcckzahlen bieten neuartige sogenannte Snap-Cure-Polymere. Diese erlauben kurze Belegzeiten der Werkzeuge, so dass die Fertigung aller Bauteile einer kleinen Losgr\u00f6\u00dfe in relativ kurzen Zeitr\u00e4umen m\u00f6glich ist. Die moderaten Verarbeitungsparameter der Snap-Cure-Systeme erlauben weiterhin die Integration von Funktionselementen wie Sensoren oder elektronischen Komponenten. Die Umsetzung von Faserkunststoffverbunden mit Snap-Cure-Matrix-Systemen f\u00fcr Bauteilklassen mit hoher Variabilit\u00e4t und kleinen bis mittleren Losgr\u00f6\u00dfen erfordert jedoch deutlich effizientere Prozesse f\u00fcr die Bauteilentwicklung und -fertigung.<br \/>\n<strong><br \/>\nL\u00f6sungshypothese<\/strong><\/p>\n<p>Um diese Effizienzsteigerung zu erzielen, werden vernetzte Entwicklungs- und Fertigungsstrategien ben\u00f6tigt, welche neue Einzelmethoden der Bauteilentwicklung und innovative Technologien f\u00fcr die Bauteilfertigung digital miteinander verkn\u00fcpfen. Grundvoraussetzung f\u00fcr die Umsetzung dieser digitalen Technologien sind auf der einen Seite durchg\u00e4ngige Struktur- und Prozesskettenmodelle gekoppelt mit prozesstechnischen Materialbeschreibungen neuartiger Snap-Cure-Systeme und auf der anderen Seite modulare Werkzeugkonzepte f\u00fcr Bauteilfamilien kleiner Los-gr\u00f6\u00dfen und gro\u00dfer Variantenvielfalt. Im Hinblick auf die Gesamtzielsetzung des Verbundvorhabens erfolgen daher am Beispiel einer durchg\u00e4ngigen 4.0-Prozesskette die Bewertung des Einsatzpotenzials neuartiger Snap-Cure-Polymere, die Erarbeitung kombinierter informations- und beschreibungsbasierter Struktur- und Prozesskettenmodelle, die Entwicklung neuartiger modularer Werkzeugkonzepte mit integrierten Sensorsystemen zur Prozessdatenerfassung, die Konzeption erweiterter Methoden zur durchg\u00e4ngigen Prozessdatenerfassung f\u00fcr die Bauteilentwicklung und Fertigung sowie die Generierung intelligenter Schnittstellen zur Verkn\u00fcpfung von Entwicklungs- und Fertigungsprozessen.<\/p>\n","protected":false},"excerpt":{"rendered":"<p>Innovative Prozessketten mit schnell aush\u00e4rtenden Polymersystemen &#8211; Snap-Cure-Polymers 4.0 Faserkunststoffverbunde mit duroplastischen Matrixsystemen weisen im Vergleich zu klassischen Konstruktionswerkstoffen neben hervorragenden spezifischen Werkstoffeigenschaften Besonderheiten auf, die sie insbesondere f\u00fcr den Einsatz in Bauteilklassen mit hoher Variabilit\u00e4t und kleinen bis mittleren St\u00fcckzahlen pr\u00e4destinieren. Dabei bieten sie au\u00dferordentlich hohe Flexibilit\u00e4t hinsichtlich der Bauweise und Gestaltung von Komponenten, &hellip; <a href=\"https:\/\/plattform-forel.de\/snapcure\/\" class=\"more-link\"><span class=\"screen-reader-text\">SnapCure4.0<\/span> weiterlesen <span class=\"meta-nav\">&rarr;<\/span><\/a><\/p>\n","protected":false},"author":2,"featured_media":0,"parent":0,"menu_order":0,"comment_status":"closed","ping_status":"closed","template":"","meta":[],"_links":{"self":[{"href":"https:\/\/plattform-forel.de\/snapcure\/wp-json\/wp\/v2\/pages\/14"}],"collection":[{"href":"https:\/\/plattform-forel.de\/snapcure\/wp-json\/wp\/v2\/pages"}],"about":[{"href":"https:\/\/plattform-forel.de\/snapcure\/wp-json\/wp\/v2\/types\/page"}],"author":[{"embeddable":true,"href":"https:\/\/plattform-forel.de\/snapcure\/wp-json\/wp\/v2\/users\/2"}],"replies":[{"embeddable":true,"href":"https:\/\/plattform-forel.de\/snapcure\/wp-json\/wp\/v2\/comments?post=14"}],"version-history":[{"count":4,"href":"https:\/\/plattform-forel.de\/snapcure\/wp-json\/wp\/v2\/pages\/14\/revisions"}],"predecessor-version":[{"id":31,"href":"https:\/\/plattform-forel.de\/snapcure\/wp-json\/wp\/v2\/pages\/14\/revisions\/31"}],"wp:attachment":[{"href":"https:\/\/plattform-forel.de\/snapcure\/wp-json\/wp\/v2\/media?parent=14"}],"curies":[{"name":"wp","href":"https:\/\/api.w.org\/{rel}","templated":true}]}}