{"id":5,"date":"2015-12-22T10:28:56","date_gmt":"2015-12-22T09:28:56","guid":{"rendered":"http:\/\/plattform-forel.de\/supertooler\/?page_id=5"},"modified":"2016-01-06T16:36:17","modified_gmt":"2016-01-06T15:36:17","slug":"supertooler","status":"publish","type":"page","link":"https:\/\/plattform-forel.de\/supertooler\/","title":{"rendered":"SuperTooler"},"content":{"rendered":"<p><strong>Integrierte FDM\/Fr\u00e4s-Hybridfertigungszelle zur effizienten Herstellung gro\u00dfformatiger Formwerkzeuge f\u00fcr die Composite-Verarbeitung<\/strong><\/p>\n<p>Vor dem Hintergrund der weltweiten Ressourcenverknappung z\u00e4hlt der Leichtbau mit seiner inh\u00e4renten Material- und Energieeffizienz branchen\u00fcbergreifend zu den Schl\u00fcsseltechnologien<a href=\"#_ftn1\" name=\"_ftnref1\"><\/a> bei der Entwicklung moderner Hightech-Produkte mit hoher Nachhaltigkeit und Wertsch\u00f6pfung. Hierbei zeichnet sich derzeit ein tiefgreifendes Umdenken ab von den klassischen Werkstoffen und Technologien hin zu ma\u00dfgeschneiderten Hybridverbunden und effizient kombinierten Fertigungsprozessen.<\/p>\n<p><strong>Motivation<\/strong><\/p>\n<p>Die Herstellung von Faserkunststoffverbund-Bauteilen in Kleinserien bzw. Einzelst\u00fcckproduktion bedingt spezifisch angepasste und gleichzeitig kosteng\u00fcnstige Werkzeugsysteme. Hier bieten Kunststoff-Werkzeuge ein besonderes Einsatzpotential, wobei die Herstellung gro\u00dfformatiger Composite-Strukturen (&gt;1 x 1 x 1 m Kantenl\u00e4nge) \u2013 etwa f\u00fcr Schienenfahrzeuge, Schiffe, Windenergieanlagen oder im Maschinenbau \u2013 bislang nur durch den Einsatz von GFK(glasfaserverst\u00e4rkter Kunststoff)-Werkzeugen kosteng\u00fcnstig zu realisieren ist. Die Herstellung derartiger GFK-Werkzeuge erfordert die Herstellung und den Einsatz eines sog. Master-Models, das bislang vorrangig aus Polyurethan(PUR)-Hartschaumbl\u00f6cken zusammengesetzt, verklebt und auf Basis von 3D-CAD-Datens\u00e4tzen \u00fcberfr\u00e4st wird. Die Modellkosten \u00fcbersteigen jedoch bislang die eigentlichen Herstellkosten der GFK-Werkzeugschale um ein Vielfaches (ca. 5:1), obwohl die geforderten \u2013 vergleichsweise groben \u2013 Toleranzen sogar den Einsatz kosteng\u00fcnstiger Roboterfr\u00e4ssysteme in den Fertigungszellen erlauben.<\/p>\n<p><strong>L\u00f6sungshypothese<\/strong><\/p>\n<p>Basierend auf dem Bedarf einer automatisierten Werkzeugfertigung f\u00fcr die Herstellung von gro\u00dfformatigen FKV-Bauteilen soll in diesem Forschungsprojekt ein geeignetes Anlagen- und Bearbeitungskonzept entwickelt und prototypisch umgesetzt werden. Ziel ist dabei die Entwicklung und prototypische Realisierung einer vollintegrierten roboterbasierten Hybridfertigungszelle, welche es erstmals erm\u00f6glicht, unterbrechungsfrei, dreidimensional generativ und subtraktiv mit nur einem Industrieroboter zu arbeiten.<\/p>\n<p><span style=\"color: #008000;\"><strong>Dieses Forschungs- und Entwicklungsprojekt wird mit Mitteln des Bundesministeriums f\u00fcr Bildung und Forschung (BMBF) im Rahmenkonzept \u201eInnovationen f\u00fcr die Produktion, Dienstleistung und Arbeit von morgen\u201c gef\u00f6rdert (F\u00f6rderkennzeichen 02P14A010 \u2013 02P14A013) und vom Projekttr\u00e4ger Karlsruhe (PTKA) betreut. Die Verantwortung f\u00fcr den Inhalt dieser Ver\u00f6ffentlichung liegt beim Autor \/ bei den Autoren.<\/strong><\/span><\/p>\n","protected":false},"excerpt":{"rendered":"<p>Integrierte FDM\/Fr\u00e4s-Hybridfertigungszelle zur effizienten Herstellung gro\u00dfformatiger Formwerkzeuge f\u00fcr die Composite-Verarbeitung Vor dem Hintergrund der weltweiten Ressourcenverknappung z\u00e4hlt der Leichtbau mit seiner inh\u00e4renten Material- und Energieeffizienz branchen\u00fcbergreifend zu den Schl\u00fcsseltechnologien bei der Entwicklung moderner Hightech-Produkte mit hoher Nachhaltigkeit und Wertsch\u00f6pfung. Hierbei zeichnet sich derzeit ein tiefgreifendes Umdenken ab von den klassischen Werkstoffen und Technologien hin zu &hellip; <a href=\"https:\/\/plattform-forel.de\/supertooler\/\" class=\"more-link\"><span class=\"screen-reader-text\">SuperTooler<\/span> weiterlesen <span class=\"meta-nav\">&rarr;<\/span><\/a><\/p>\n","protected":false},"author":2,"featured_media":0,"parent":0,"menu_order":0,"comment_status":"closed","ping_status":"closed","template":"","meta":[],"_links":{"self":[{"href":"https:\/\/plattform-forel.de\/supertooler\/wp-json\/wp\/v2\/pages\/5"}],"collection":[{"href":"https:\/\/plattform-forel.de\/supertooler\/wp-json\/wp\/v2\/pages"}],"about":[{"href":"https:\/\/plattform-forel.de\/supertooler\/wp-json\/wp\/v2\/types\/page"}],"author":[{"embeddable":true,"href":"https:\/\/plattform-forel.de\/supertooler\/wp-json\/wp\/v2\/users\/2"}],"replies":[{"embeddable":true,"href":"https:\/\/plattform-forel.de\/supertooler\/wp-json\/wp\/v2\/comments?post=5"}],"version-history":[{"count":6,"href":"https:\/\/plattform-forel.de\/supertooler\/wp-json\/wp\/v2\/pages\/5\/revisions"}],"predecessor-version":[{"id":29,"href":"https:\/\/plattform-forel.de\/supertooler\/wp-json\/wp\/v2\/pages\/5\/revisions\/29"}],"wp:attachment":[{"href":"https:\/\/plattform-forel.de\/supertooler\/wp-json\/wp\/v2\/media?parent=5"}],"curies":[{"name":"wp","href":"https:\/\/api.w.org\/{rel}","templated":true}]}}