{"id":35,"date":"2014-09-05T13:36:01","date_gmt":"2014-09-05T11:36:01","guid":{"rendered":"http:\/\/plattform-forel.de\/thixom\/?page_id=35"},"modified":"2014-10-27T09:29:32","modified_gmt":"2014-10-27T07:29:32","slug":"projektinhalt","status":"publish","type":"page","link":"https:\/\/plattform-forel.de\/thixom\/projektinhalt\/","title":{"rendered":"Projektinhalt"},"content":{"rendered":"<p><strong>Forschungsansatz<\/strong><\/p>\n<ul>\n<ul>Das \u00fcbergeordnete Ziel des Verbundvorhabens THIXON ist die Entwicklung der prozesstechnischen und konstruktiv-technologischen Grundlagen f\u00fcr die hocheffiziente Fertigung von komplexen, gro\u00dffl\u00e4chigen, verst\u00e4rkten Magnesium\/Thermoplast-Tragstrukturen. Hierf\u00fcr sollen die metallischen Strukturkomponenten aus partikel- und\/oder faserverst\u00e4rktem Magnesium im Thixomoulding-Prozess erzeugt und zus\u00e4tzliche funktionelle Strukturkomponenten mit Thermoplast angespritzt werden.<\/ul>\n<\/ul>\n<ul>\n<ul>Magnesium mit seiner geringen Dichte bei gleichzeitig hohen Festigkeitseigenschaften bietet ein vielf\u00e4ltiges Leichtbaupotenzial. Aufgrund von technologisch-wirtschaftlichen Einschr\u00e4nkungen bei der Verarbeitung, den mechanischen Werkstoffeigenschaften sowie unzureichenden Konzepten der F\u00fcgetechnik f\u00fcr Mischbauweisen mit Magnesium fand dieser Konstruktionswerkstoff bisher jedoch nicht den Einsatz in hochbeanspruchten Komponenten der Karosserie. Verst\u00e4rkte und mittels Thixomoulding gefertigte Magnesiumlegierungen bieten hier verbesserte Werkstoffeigenschaften und k\u00f6nnen somit gezielt in thermisch und mechanisch beanspruchten Strukturen etwa in Karosseriestrukturen der Elektromobilit\u00e4t eingesetzt werden. Eine notwendige Voraussetzung ist hierbei eine Weiterentwicklung der zukunftsweisenden Verfahrenstechnik des Thixomouldings hin zum potenziellen Einsatz in der Serienproduktion. Im Rahmen des Projektes wird daher zum einen der Aufbau einer neuartigen Thixomoulding-Anlage fokussiert, die es erlaubt, gro\u00dfserienf\u00e4hig partikel- oder faserverst\u00e4rkte Magnesiumbauteile herzustellen. Daf\u00fcr sind sowohl umfangreiche technologische Weiterentwicklungen etwa bez\u00fcglich einer angepassten Compoundiertechnik und der gie\u00dftechnischen Weiterverarbeitung des verst\u00e4rkten Magnesiumcompounds als auch weitreichende Untersuchungen etwa hinsichtlich des Benetzungsverhaltens beim Compoundieren, des Flie\u00dfverhaltens und der Sedimentierung bei der Formf\u00fcllung, der Fasersch\u00e4digung w\u00e4hrend des gesamten Fertigungsprozesses sowie der letztendlich erzielbaren Werkstoffeigenschaften vorgesehen. Gest\u00fctzt werden diese Untersuchungen durch umfangreiche Simulationen der Verbundwerkstoffe, der Maschinenkomponenten, der Prozesskette und der Bauteilstrukturen.<\/ul>\n<\/ul>\n<ul>\n<ul>Ein weiteres Projektziel ist die prozessintegrative Kombination der beiden Urformverfahren Thixomoulding und Thermoplast-Spritzgie\u00dfen. Durch den anwendungsorientierten Einsatz der Werkstoffe Magnesium und Thermoplast sollen erweiterte Bauteilfunktionen etwa hinsichtlich einer integrierten Schwingungsd\u00e4mpfung oder multifunktionaler Krafteinleitungselemente wirtschaftlich realisiert werden. Hierin begr\u00fcndet sich eine v\u00f6llig neue Klasse von Hybridbauteilen mit hoher Funktionsintegration und breitem Anwendungspotential. Die Forschungs- und Entwicklungsarbeiten fokussieren auf die erreichbaren Verbindungsfestigkeiten infolge Stoff- und Formschluss, auf technologische Konzepte zur maschinen- und werkzeugseitigen Umsetzung und auf den Aufbau der entsprechenden Systemtechnik. Darauf aufbauend erfolgt die konzeptionelle Entwicklung einer neuartigen wirtschaftlichen und serienf\u00e4higen Tandemtechnologie zur Herstellung von Magnesium\/Thermoplast-Hybridstrukturen.<\/ul>\n<\/ul>\n","protected":false},"excerpt":{"rendered":"<p>Forschungsansatz Das \u00fcbergeordnete Ziel des Verbundvorhabens THIXON ist die Entwicklung der prozesstechnischen und konstruktiv-technologischen Grundlagen f\u00fcr die hocheffiziente Fertigung von komplexen, gro\u00dffl\u00e4chigen, verst\u00e4rkten Magnesium\/Thermoplast-Tragstrukturen. Hierf\u00fcr sollen die metallischen Strukturkomponenten aus partikel- und\/oder faserverst\u00e4rktem Magnesium im Thixomoulding-Prozess erzeugt und zus\u00e4tzliche funktionelle Strukturkomponenten mit Thermoplast angespritzt werden. Magnesium mit seiner geringen Dichte bei gleichzeitig hohen Festigkeitseigenschaften bietet &hellip; <a href=\"https:\/\/plattform-forel.de\/thixom\/projektinhalt\/\" class=\"more-link\"><span class=\"screen-reader-text\">Projektinhalt<\/span> weiterlesen <span class=\"meta-nav\">&rarr;<\/span><\/a><\/p>\n","protected":false},"author":3,"featured_media":0,"parent":0,"menu_order":0,"comment_status":"closed","ping_status":"closed","template":"","meta":[],"_links":{"self":[{"href":"https:\/\/plattform-forel.de\/thixom\/wp-json\/wp\/v2\/pages\/35"}],"collection":[{"href":"https:\/\/plattform-forel.de\/thixom\/wp-json\/wp\/v2\/pages"}],"about":[{"href":"https:\/\/plattform-forel.de\/thixom\/wp-json\/wp\/v2\/types\/page"}],"author":[{"embeddable":true,"href":"https:\/\/plattform-forel.de\/thixom\/wp-json\/wp\/v2\/users\/3"}],"replies":[{"embeddable":true,"href":"https:\/\/plattform-forel.de\/thixom\/wp-json\/wp\/v2\/comments?post=35"}],"version-history":[{"count":4,"href":"https:\/\/plattform-forel.de\/thixom\/wp-json\/wp\/v2\/pages\/35\/revisions"}],"predecessor-version":[{"id":109,"href":"https:\/\/plattform-forel.de\/thixom\/wp-json\/wp\/v2\/pages\/35\/revisions\/109"}],"wp:attachment":[{"href":"https:\/\/plattform-forel.de\/thixom\/wp-json\/wp\/v2\/media?parent=35"}],"curies":[{"name":"wp","href":"https:\/\/api.w.org\/{rel}","templated":true}]}}