{"id":37,"date":"2014-09-05T13:36:27","date_gmt":"2014-09-05T11:36:27","guid":{"rendered":"http:\/\/plattform-forel.de\/thixom\/?page_id=37"},"modified":"2014-10-27T09:29:56","modified_gmt":"2014-10-27T07:29:56","slug":"handlungsfelder","status":"publish","type":"page","link":"https:\/\/plattform-forel.de\/thixom\/handlungsfelder\/","title":{"rendered":"Handlungsfelder"},"content":{"rendered":"<p>Mit Mittelpunkt der Untersuchungen steht die \u201eprozesstechnische und konstruktiv-technologische Entwicklung eines Thixomoulding-Verfahrens zur Herstellung gro\u00dffl\u00e4chiger verst\u00e4rkter Magnesium\/Thermoplast-Tragstrukturen\u201c. Dies beinhaltet die:<\/p>\n<ul>\n<li>Entwicklung von Systemkomponenten des Thixomoulding-Verfahrens wie Compounder, Hei\u00dfkanaltechnik, Transferspeicher und die Identifizierung von compoundgerechten Prozessfenstern<\/li>\n<li>Entwicklung einer modularen Pilotanlage zur Verarbeitung modifizierter Magnesiumwerkstoffe im thixotropen Zustand<\/li>\n<li>Verkn\u00fcpfung von Einzelprozessen des Magnesium-Thixomouldings und des Thermoplast-Spritzgie\u00dfens zur Herstellung funktionsintegrierter Hybridbauteile<\/li>\n<li>Entwicklung, Herstellung und Charakterisierung eines generischen Demonstrators in Magnesium\/Thermoplast-Hybridbauweise<\/li>\n<\/ul>\n","protected":false},"excerpt":{"rendered":"<p>Mit Mittelpunkt der Untersuchungen steht die \u201eprozesstechnische und konstruktiv-technologische Entwicklung eines Thixomoulding-Verfahrens zur Herstellung gro\u00dffl\u00e4chiger verst\u00e4rkter Magnesium\/Thermoplast-Tragstrukturen\u201c. Dies beinhaltet die: Entwicklung von Systemkomponenten des Thixomoulding-Verfahrens wie Compounder, Hei\u00dfkanaltechnik, Transferspeicher und die Identifizierung von compoundgerechten Prozessfenstern Entwicklung einer modularen Pilotanlage zur Verarbeitung modifizierter Magnesiumwerkstoffe im thixotropen Zustand Verkn\u00fcpfung von Einzelprozessen des Magnesium-Thixomouldings und des Thermoplast-Spritzgie\u00dfens zur &hellip; <a href=\"https:\/\/plattform-forel.de\/thixom\/handlungsfelder\/\" class=\"more-link\"><span class=\"screen-reader-text\">Handlungsfelder<\/span> weiterlesen <span class=\"meta-nav\">&rarr;<\/span><\/a><\/p>\n","protected":false},"author":3,"featured_media":0,"parent":0,"menu_order":0,"comment_status":"closed","ping_status":"closed","template":"","meta":[],"_links":{"self":[{"href":"https:\/\/plattform-forel.de\/thixom\/wp-json\/wp\/v2\/pages\/37"}],"collection":[{"href":"https:\/\/plattform-forel.de\/thixom\/wp-json\/wp\/v2\/pages"}],"about":[{"href":"https:\/\/plattform-forel.de\/thixom\/wp-json\/wp\/v2\/types\/page"}],"author":[{"embeddable":true,"href":"https:\/\/plattform-forel.de\/thixom\/wp-json\/wp\/v2\/users\/3"}],"replies":[{"embeddable":true,"href":"https:\/\/plattform-forel.de\/thixom\/wp-json\/wp\/v2\/comments?post=37"}],"version-history":[{"count":2,"href":"https:\/\/plattform-forel.de\/thixom\/wp-json\/wp\/v2\/pages\/37\/revisions"}],"predecessor-version":[{"id":110,"href":"https:\/\/plattform-forel.de\/thixom\/wp-json\/wp\/v2\/pages\/37\/revisions\/110"}],"wp:attachment":[{"href":"https:\/\/plattform-forel.de\/thixom\/wp-json\/wp\/v2\/media?parent=37"}],"curies":[{"name":"wp","href":"https:\/\/api.w.org\/{rel}","templated":true}]}}